{"id":99,"date":"2021-07-05T23:39:50","date_gmt":"2021-07-05T21:39:50","guid":{"rendered":"https:\/\/rrkserwis.nazwa.pl\/3xm\/?page_id=99"},"modified":"2025-02-18T22:07:46","modified_gmt":"2025-02-18T21:07:46","slug":"beckers","status":"publish","type":"page","link":"https:\/\/ph3xm.pl\/?page_id=99","title":{"rendered":"Beckers"},"content":{"rendered":"\r\n<h1 class=\"wp-block-heading\" id=\"page-title\" style=\"font-size:30px\">Wybierz kolor i znajd\u017a nowe t\u0142o dla wszystkiego, co kochasz<\/h1>\r\n\r\n\r\n\r\n<p>\u015aciany w naszych domach to t\u0142o dla codziennego \u017cycia. Wybierz farby, kt\u00f3re zapewni\u0105 Ci nie tylko pi\u0119kne rozwi\u0105zania kolorystyczne, ale tak\u017ce r\u00f3\u017cnorodne funkcjonalno\u015bci, dzi\u0119ki kt\u00f3rym \u015bciana nie musi stanowi\u0107 ograniczenia dla dzia\u0142ania domownik\u00f3w, czy realizacji ich pasji. Poprzez swoje w\u0142a\u015bciwo\u015bci farby Beckers czyni\u0105 pomalowane powierzchnie trwa\u0142ym i efektownym t\u0142em dla naszych codziennych, domowych aktywno\u015bci.<\/p>\r\n\r\n\r\n\r\n<figure class=\"wp-block-embed is-type-video is-provider-youtube wp-block-embed-youtube wp-embed-aspect-16-9 wp-has-aspect-ratio\">\r\n    <div class=\"wp-block-embed__wrapper\">\r\n        <iframe loading=\"lazy\" width=\"560\" height=\"315\" src=\"https:\/\/www.youtube.com\/embed\/BhnHUr6m8EM\" frameborder=\"0\" allowfullscreen><\/iframe>\r\n    <\/div>\r\n<\/figure>\r\n\r\n","protected":false},"excerpt":{"rendered":"<p>Wybierz kolor i znajd\u017a nowe t\u0142o dla wszystkiego, co kochasz \u015aciany w naszych domach to t\u0142o dla codziennego \u017cycia. Wybierz farby, kt\u00f3re zapewni\u0105 Ci nie tylko pi\u0119kne rozwi\u0105zania kolorystyczne, ale tak\u017ce r\u00f3\u017cnorodne funkcjonalno\u015bci, dzi\u0119ki kt\u00f3rym \u015bciana nie musi stanowi\u0107 ograniczenia dla dzia\u0142ania domownik\u00f3w, czy realizacji ich pasji. Poprzez swoje w\u0142a\u015bciwo\u015bci farby Beckers czyni\u0105 pomalowane powierzchnie&hellip; <\/p>\n<div class=\"readmore-wrapper\"><a href=\"https:\/\/ph3xm.pl\/?page_id=99\" class=\"more-link\">Read <\/a><\/div>\n","protected":false},"author":1,"featured_media":0,"parent":0,"menu_order":0,"comment_status":"closed","ping_status":"closed","template":"","meta":{"om_disable_all_campaigns":false,"_monsterinsights_skip_tracking":false,"_monsterinsights_sitenote_active":false,"_monsterinsights_sitenote_note":"","_monsterinsights_sitenote_category":0,"footnotes":""},"class_list":["post-99","page","type-page","status-publish","hentry"],"aioseo_notices":[],"_links":{"self":[{"href":"https:\/\/ph3xm.pl\/index.php?rest_route=\/wp\/v2\/pages\/99","targetHints":{"allow":["GET"]}}],"collection":[{"href":"https:\/\/ph3xm.pl\/index.php?rest_route=\/wp\/v2\/pages"}],"about":[{"href":"https:\/\/ph3xm.pl\/index.php?rest_route=\/wp\/v2\/types\/page"}],"author":[{"embeddable":true,"href":"https:\/\/ph3xm.pl\/index.php?rest_route=\/wp\/v2\/users\/1"}],"replies":[{"embeddable":true,"href":"https:\/\/ph3xm.pl\/index.php?rest_route=%2Fwp%2Fv2%2Fcomments&post=99"}],"version-history":[{"count":2,"href":"https:\/\/ph3xm.pl\/index.php?rest_route=\/wp\/v2\/pages\/99\/revisions"}],"predecessor-version":[{"id":211,"href":"https:\/\/ph3xm.pl\/index.php?rest_route=\/wp\/v2\/pages\/99\/revisions\/211"}],"wp:attachment":[{"href":"https:\/\/ph3xm.pl\/index.php?rest_route=%2Fwp%2Fv2%2Fmedia&parent=99"}],"curies":[{"name":"wp","href":"https:\/\/api.w.org\/{rel}","templated":true}]}}