{"id":59,"date":"2021-07-05T22:17:21","date_gmt":"2021-07-05T20:17:21","guid":{"rendered":"https:\/\/rrkserwis.nazwa.pl\/3xm\/?page_id=59"},"modified":"2025-02-18T21:40:59","modified_gmt":"2025-02-18T20:40:59","slug":"lakma","status":"publish","type":"page","link":"https:\/\/ph3xm.pl\/?page_id=59","title":{"rendered":"Lakma"},"content":{"rendered":"\r\n<figure class=\"wp-block-embed is-type-video is-provider-youtube wp-block-embed-youtube wp-embed-aspect-16-9 wp-has-aspect-ratio\">\r\n<div>\r\n<h3 data-start=\"81\" data-end=\"158\"><strong data-start=\"88\" data-end=\"156\">Tynki i farby na wymiar \u2013 przygotujemy idealny kolor na miejscu!<\/strong><\/h3>\r\n<p data-start=\"159\" data-end=\"379\"><strong data-start=\"159\" data-end=\"197\">Mieszamy tynki i farby na miejscu!<\/strong> Dzi\u0119ki naszemu mieszalnikowi mo\u017cemy <strong data-start=\"234\" data-end=\"302\">przygotowa\u0107 tynki silikonowe i silikonowo-silikatowe firmy LAKMA<\/strong>, a tak\u017ce <strong data-start=\"312\" data-end=\"353\">farby w wybranym przez Ciebie kolorze<\/strong> \u2013 szybko i precyzyjnie.<\/p>\r\n<p data-start=\"381\" data-end=\"947\">Nasze tynki <strong data-start=\"393\" data-end=\"402\">LAKMA<\/strong> wyr\u00f3\u017cniaj\u0105 si\u0119:<br data-start=\"418\" data-end=\"421\" \/>\u2714 <strong data-start=\"423\" data-end=\"470\">Wysok\u0105 odporno\u015bci\u0105 na warunki atmosferyczne<\/strong> \u2013 idealne na ka\u017cd\u0105 pogod\u0119, odporne na deszcz, mr\u00f3z i promieniowanie UV.<br data-start=\"542\" data-end=\"545\" \/>\u2714 <strong data-start=\"547\" data-end=\"573\">Paroprzepuszczalno\u015bci\u0105<\/strong> \u2013 zapewniaj\u0105 &#8222;oddychanie&#8221; \u015bcian, co minimalizuje ryzyko zawilgocenia.<br data-start=\"643\" data-end=\"646\" \/>\u2714 <strong data-start=\"648\" data-end=\"678\">Odporno\u015bci\u0105 na zabrudzenia<\/strong> \u2013 hydrofobowa pow\u0142oka ogranicza osadzanie si\u0119 kurzu i zanieczyszcze\u0144.<br data-start=\"748\" data-end=\"751\" \/>\u2714 <strong data-start=\"753\" data-end=\"774\">Bogactwem kolor\u00f3w<\/strong> \u2013 szeroka paleta barw, kt\u00f3re mo\u017cemy dopasowa\u0107 do Twojego projektu.<br data-start=\"841\" data-end=\"844\" \/>\u2714 <strong data-start=\"846\" data-end=\"874\">Doskona\u0142\u0105 przyczepno\u015bci\u0105<\/strong> \u2013 \u015bwietnie sprawdzaj\u0105 si\u0119 na r\u00f3\u017cnych pod\u0142o\u017cach, w tym na ociepleniach.<\/p>\r\n<p data-start=\"893\" data-end=\"992\">\ud83d\udd39 <strong data-start=\"896\" data-end=\"941\">Potrzebujesz tynku w konkretnym odcieniu?<\/strong> Przygotujemy go na miejscu w naszym mieszalniku!<\/p>\r\n<\/div>\r\n<div style=\"text-align: center;\"><iframe loading=\"lazy\" src=\"https:\/\/www.youtube.com\/embed\/6dzDHJnfvQo\" width=\"560\" height=\"315\" frameborder=\"0\" allowfullscreen=\"allowfullscreen\">\r\n    <\/iframe><\/div>\r\n<div class=\"wp-block-embed__wrapper\">\u00a0<\/div>\r\n<\/figure>\r\n","protected":false},"excerpt":{"rendered":"","protected":false},"author":1,"featured_media":0,"parent":0,"menu_order":0,"comment_status":"closed","ping_status":"closed","template":"","meta":{"om_disable_all_campaigns":false,"_monsterinsights_skip_tracking":false,"_monsterinsights_sitenote_active":false,"_monsterinsights_sitenote_note":"","_monsterinsights_sitenote_category":0,"footnotes":""},"class_list":["post-59","page","type-page","status-publish","hentry"],"aioseo_notices":[],"_links":{"self":[{"href":"https:\/\/ph3xm.pl\/index.php?rest_route=\/wp\/v2\/pages\/59","targetHints":{"allow":["GET"]}}],"collection":[{"href":"https:\/\/ph3xm.pl\/index.php?rest_route=\/wp\/v2\/pages"}],"about":[{"href":"https:\/\/ph3xm.pl\/index.php?rest_route=\/wp\/v2\/types\/page"}],"author":[{"embeddable":true,"href":"https:\/\/ph3xm.pl\/index.php?rest_route=\/wp\/v2\/users\/1"}],"replies":[{"embeddable":true,"href":"https:\/\/ph3xm.pl\/index.php?rest_route=%2Fwp%2Fv2%2Fcomments&post=59"}],"version-history":[{"count":3,"href":"https:\/\/ph3xm.pl\/index.php?rest_route=\/wp\/v2\/pages\/59\/revisions"}],"predecessor-version":[{"id":207,"href":"https:\/\/ph3xm.pl\/index.php?rest_route=\/wp\/v2\/pages\/59\/revisions\/207"}],"wp:attachment":[{"href":"https:\/\/ph3xm.pl\/index.php?rest_route=%2Fwp%2Fv2%2Fmedia&parent=59"}],"curies":[{"name":"wp","href":"https:\/\/api.w.org\/{rel}","templated":true}]}}