{"id":39,"date":"2021-07-05T21:09:27","date_gmt":"2021-07-05T19:09:27","guid":{"rendered":"https:\/\/rrkserwis.nazwa.pl\/3xm\/?page_id=39"},"modified":"2021-07-05T23:41:00","modified_gmt":"2021-07-05T21:41:00","slug":"sadolin","status":"publish","type":"page","link":"https:\/\/ph3xm.pl\/?page_id=39","title":{"rendered":"Sadolin"},"content":{"rendered":"\n<p>Dobrze chronione drewno to drewno pi\u0119kne na lata, wie o tym ka\u017cdy stolarz, a w szczeg\u00f3lno\u015bci Darek Stolarz! Warunki pogodowe w Polsce wystawiaj\u0105 drewno na wiele pr\u00f3b. Drewniana powierzchnia wymaga skutecznej ochrony i najlepszych produkt\u00f3w, kt\u00f3re zabezpiecz\u0105 j\u0105 na wiele lat. Dla wszystkich, kt\u00f3rzy doceniaj\u0105 pi\u0119kno drewna i chc\u0105, by wygl\u0105da\u0142o jak \u015bwie\u017co malowane nawet po latach, stworzyli\u015bmy najbardziej zaawansowany technologicznie produkt. Sadolin Extreme jest jedyn\u0105 lakierobejc\u0105 na polskim rynku z rewolucyjn\u0105 technologi\u0105 StayClean\u2122, kt\u00f3ra sprawia, \u017ce brud nie przylega do drewna i \u0142atwo si\u0119 zmywa. Produkt zapewnia do 12 lat ochrony i pi\u0119kna drewna.<\/p>\n\n\n\n<figure class=\"wp-block-embed is-type-video is-provider-youtube wp-block-embed-youtube wp-embed-aspect-16-9 wp-has-aspect-ratio\"><div class=\"wp-block-embed__wrapper\">\n<iframe loading=\"lazy\" title=\"Sadolin Extreme - lakierobejca, kt\u00f3ra robi r\u00f3\u017cnic\u0119!\" width=\"780\" height=\"439\" src=\"https:\/\/www.youtube.com\/embed\/ZuqBPXBZGP4?feature=oembed\" frameborder=\"0\" allow=\"accelerometer; autoplay; clipboard-write; encrypted-media; gyroscope; picture-in-picture\" allowfullscreen><\/iframe>\n<\/div><\/figure>\n\n\n\n<p><\/p>\n","protected":false},"excerpt":{"rendered":"<p>Dobrze chronione drewno to drewno pi\u0119kne na lata, wie o tym ka\u017cdy stolarz, a w szczeg\u00f3lno\u015bci Darek Stolarz! Warunki pogodowe w Polsce wystawiaj\u0105 drewno na wiele pr\u00f3b. Drewniana powierzchnia wymaga skutecznej ochrony i najlepszych produkt\u00f3w, kt\u00f3re zabezpiecz\u0105 j\u0105 na wiele lat. Dla wszystkich, kt\u00f3rzy doceniaj\u0105 pi\u0119kno drewna i chc\u0105, by wygl\u0105da\u0142o jak \u015bwie\u017co malowane nawet&hellip; <\/p>\n<div class=\"readmore-wrapper\"><a href=\"https:\/\/ph3xm.pl\/?page_id=39\" class=\"more-link\">Read <\/a><\/div>\n","protected":false},"author":1,"featured_media":0,"parent":0,"menu_order":0,"comment_status":"closed","ping_status":"closed","template":"","meta":{"om_disable_all_campaigns":false,"_monsterinsights_skip_tracking":false,"_monsterinsights_sitenote_active":false,"_monsterinsights_sitenote_note":"","_monsterinsights_sitenote_category":0,"footnotes":""},"class_list":["post-39","page","type-page","status-publish","hentry"],"aioseo_notices":[],"_links":{"self":[{"href":"https:\/\/ph3xm.pl\/index.php?rest_route=\/wp\/v2\/pages\/39","targetHints":{"allow":["GET"]}}],"collection":[{"href":"https:\/\/ph3xm.pl\/index.php?rest_route=\/wp\/v2\/pages"}],"about":[{"href":"https:\/\/ph3xm.pl\/index.php?rest_route=\/wp\/v2\/types\/page"}],"author":[{"embeddable":true,"href":"https:\/\/ph3xm.pl\/index.php?rest_route=\/wp\/v2\/users\/1"}],"replies":[{"embeddable":true,"href":"https:\/\/ph3xm.pl\/index.php?rest_route=%2Fwp%2Fv2%2Fcomments&post=39"}],"version-history":[{"count":4,"href":"https:\/\/ph3xm.pl\/index.php?rest_route=\/wp\/v2\/pages\/39\/revisions"}],"predecessor-version":[{"id":102,"href":"https:\/\/ph3xm.pl\/index.php?rest_route=\/wp\/v2\/pages\/39\/revisions\/102"}],"wp:attachment":[{"href":"https:\/\/ph3xm.pl\/index.php?rest_route=%2Fwp%2Fv2%2Fmedia&parent=39"}],"curies":[{"name":"wp","href":"https:\/\/api.w.org\/{rel}","templated":true}]}}