{"id":32,"date":"2021-07-05T20:52:52","date_gmt":"2021-07-05T18:52:52","guid":{"rendered":"https:\/\/rrkserwis.nazwa.pl\/3xm\/?page_id=32"},"modified":"2021-12-06T20:01:09","modified_gmt":"2021-12-06T19:01:09","slug":"strona-glowna","status":"publish","type":"page","link":"https:\/\/ph3xm.pl\/","title":{"rendered":"Strona g\u0142\u00f3wna"},"content":{"rendered":"\n<p class=\"has-text-align-center\"><strong>Szukasz farby do pomalowania mieszkania ?<br>Tynku zewn\u0119trznego, farby na elewacj\u0119 ? <\/strong><\/p>\n\n\n\n<p class=\"has-text-align-center\">Przyjd\u017a do nas ! W ofercie posiadamy gotowe farby firmy <strong>BECKERS<\/strong>. <br>Je\u017celi nie b\u0119dzie twojego koloru &#8211; zrobimy go w mieszalniku farb firmy <strong>TIKKURILA<\/strong> lub <strong>DULUX<\/strong>. <br>Mieszamy r\u00f3wnie\u017c tynki zewn\u0119trzne silikonowe lub silikonowo &#8211; silikatowe firmy <strong>LAKMA.<\/strong> <br>W sta\u0142ej ofercie posiadamy oleje, impregnaty i lakierobejce firmy <strong>SADOLIN<\/strong>. <\/p>\n\n\n\n<p class=\"has-text-align-center\">W naszym sklepie znajdziesz r\u00f3wnie\u017c:<br> farby olejne, gipsy, g\u0142adzie, kleje, sztukaterie, akcesoria malarskie<br>i chemi\u0119 gospodarcz\u0105. <\/p>\n\n\n\n<p class=\"has-text-align-center\"><strong>Nie ma koloru, kt\u00f3rego by\u015bmy nie zrobili. <\/strong><\/p>\n\n\n\n<p class=\"has-text-align-center\"><br><strong>ZAPRASZAMY !!!<\/strong> <\/p>\n\n\n\n<p><\/p>\n\n\n\n<p>  <\/p>\n\n\n\n<p><\/p>\n\n\n\n<p><\/p>\n\n\n\n<p><\/p>\n","protected":false},"excerpt":{"rendered":"<p>Szukasz farby do pomalowania mieszkania ?Tynku zewn\u0119trznego, farby na elewacj\u0119 ? Przyjd\u017a do nas ! W ofercie posiadamy gotowe farby firmy BECKERS. Je\u017celi nie b\u0119dzie twojego koloru &#8211; zrobimy go w mieszalniku farb firmy TIKKURILA lub DULUX. Mieszamy r\u00f3wnie\u017c tynki zewn\u0119trzne silikonowe lub silikonowo &#8211; silikatowe firmy LAKMA. W sta\u0142ej ofercie posiadamy oleje, impregnaty i&hellip; <\/p>\n<div class=\"readmore-wrapper\"><a href=\"https:\/\/ph3xm.pl\/\" class=\"more-link\">Read <\/a><\/div>\n","protected":false},"author":1,"featured_media":0,"parent":0,"menu_order":0,"comment_status":"closed","ping_status":"closed","template":"","meta":{"om_disable_all_campaigns":false,"_monsterinsights_skip_tracking":false,"_monsterinsights_sitenote_active":false,"_monsterinsights_sitenote_note":"","_monsterinsights_sitenote_category":0,"footnotes":""},"class_list":["post-32","page","type-page","status-publish","hentry"],"aioseo_notices":[],"_links":{"self":[{"href":"https:\/\/ph3xm.pl\/index.php?rest_route=\/wp\/v2\/pages\/32","targetHints":{"allow":["GET"]}}],"collection":[{"href":"https:\/\/ph3xm.pl\/index.php?rest_route=\/wp\/v2\/pages"}],"about":[{"href":"https:\/\/ph3xm.pl\/index.php?rest_route=\/wp\/v2\/types\/page"}],"author":[{"embeddable":true,"href":"https:\/\/ph3xm.pl\/index.php?rest_route=\/wp\/v2\/users\/1"}],"replies":[{"embeddable":true,"href":"https:\/\/ph3xm.pl\/index.php?rest_route=%2Fwp%2Fv2%2Fcomments&post=32"}],"version-history":[{"count":19,"href":"https:\/\/ph3xm.pl\/index.php?rest_route=\/wp\/v2\/pages\/32\/revisions"}],"predecessor-version":[{"id":201,"href":"https:\/\/ph3xm.pl\/index.php?rest_route=\/wp\/v2\/pages\/32\/revisions\/201"}],"wp:attachment":[{"href":"https:\/\/ph3xm.pl\/index.php?rest_route=%2Fwp%2Fv2%2Fmedia&parent=32"}],"curies":[{"name":"wp","href":"https:\/\/api.w.org\/{rel}","templated":true}]}}