{"id":104,"date":"2021-07-05T23:46:36","date_gmt":"2021-07-05T21:46:36","guid":{"rendered":"https:\/\/rrkserwis.nazwa.pl\/3xm\/?page_id=104"},"modified":"2025-08-23T15:04:55","modified_gmt":"2025-08-23T13:04:55","slug":"hammerite","status":"publish","type":"page","link":"https:\/\/ph3xm.pl\/?page_id=104","title":{"rendered":"Hammerite"},"content":{"rendered":"\r\n<p class=\"has-large-font-size\"><strong>Dlaczego Hammerite?<\/strong><\/p>\r\n\r\n\r\n\r\n<figure class=\"wp-block-embed is-type-video is-provider-youtube wp-block-embed-youtube wp-embed-aspect-16-9 wp-has-aspect-ratio\">\r\n<div class=\"wp-block-embed__wrapper\">\r\n<p><iframe loading=\"lazy\" title=\"R\u00f3\u017cnice mi\u0119dzy tradycyjn\u0105 farb\u0105 do metalu, a Hammerite\" width=\"780\" height=\"439\" src=\"https:\/\/www.youtube.com\/embed\/lO0qa7YyeOY?feature=oembed\" frameborder=\"0\" allow=\"accelerometer; autoplay; clipboard-write; encrypted-media; gyroscope; picture-in-picture; web-share\" referrerpolicy=\"strict-origin-when-cross-origin\" allowfullscreen><\/iframe><\/p>\r\n<\/div>\r\n<\/figure>\r\n\r\n\r\n\r\n<h2 class=\"wp-block-heading\">Hammerite Prosto Na Rdz\u0119:<\/h2>\r\n\r\n\r\n\r\n<ol class=\"wp-block-list\">\r\n<li><strong>Podw\u00f3jna ochrona<\/strong><br \/>DUALTECH odpycha wod\u0119 i zapobiega powstawaniu rdzy.<\/li>\r\n<li><strong>8 lat gwarancji*<\/strong><br \/>Trwa\u0142a ochrona przed korozj\u0105.<\/li>\r\n<li><strong>\u0141atwo\u015b\u0107 aplikacji<\/strong><br \/>Nie ma potrzeby usuwania z materia\u0142u ca\u0142ej rdzy.<\/li>\r\n<li><strong>Kr\u00f3tkie malowanie<\/strong><br \/>Kr\u00f3tki czas schni\u0119cia i mniejsza liczba wymaganych warstw pozwalaj\u0105 na przeprowadzenie prac malarskich w jeden dzie\u0144.<\/li>\r\n<li><strong>Czysta praca<\/strong><br \/>G\u0119sta, \u017celowa konsystencja sprawia, \u017ce farba podczas malowania nie kapie z p\u0119dzla, ani nie sp\u0142ywa z pionowych powierzchni.<\/li>\r\n<li><strong>Praktyczne rozwi\u0105zanie<\/strong><br \/>Dzi\u0119ki formule 3w1 nie ma potrzeby stosowania podk\u0142ad\u00f3w antykorozyjnych.<\/li>\r\n<\/ol>\r\n\r\n\r\n\r\n\r\n\r\n\r\n\r\n<p>*<em>Niezale\u017cnie od innych ustawowych uprawnie\u0144 klienta, je\u015bli\u00a0<strong>w ci\u0105gu 8 lat od daty zakupu farby wyst\u0105pi korozja metalu<\/strong>\u00a0pokrytego ni\u0105 zgodnie z zaleceniami producenta i zasadami sztuki malarskiej (zalecana grubo\u015b\u0107 warstwy to 70\u00a0<\/em><em>\u03bc<\/em><em>m), po okazaniu dowodu zakupu i sprawdzeniu podstaw \u017c\u0105dania\u00a0<strong>Akzo Nobel Decorative Paints Sp. z o.o. wyda klientowi tak\u0105 sam\u0105 ilo\u015b\u0107 farby\u00a0<\/strong>wolnej od wad.<\/em><\/p>\r\n\r\n\r\n\r\n<figure class=\"wp-block-embed is-type-video is-provider-youtube wp-block-embed-youtube wp-embed-aspect-16-9 wp-has-aspect-ratio\">\r\n<div class=\"wp-block-embed__wrapper\">\r\n<p><iframe loading=\"lazy\" title=\"Farba prosto na rdz\u0119 Hammerite z unikaln\u0105 technologi\u0105 DUALTECH\" width=\"780\" height=\"439\" src=\"https:\/\/www.youtube.com\/embed\/FxDIQEY6s6Q?feature=oembed\" frameborder=\"0\" allow=\"accelerometer; autoplay; clipboard-write; encrypted-media; gyroscope; picture-in-picture; web-share\" referrerpolicy=\"strict-origin-when-cross-origin\" allowfullscreen><\/iframe><\/p>\r\n<\/div>\r\n<\/figure>\r\n","protected":false},"excerpt":{"rendered":"<p>Dlaczego Hammerite? Hammerite Prosto Na Rdz\u0119: Podw\u00f3jna ochronaDUALTECH odpycha wod\u0119 i zapobiega powstawaniu rdzy. 8 lat gwarancji*Trwa\u0142a ochrona przed korozj\u0105. \u0141atwo\u015b\u0107 aplikacjiNie ma potrzeby usuwania z materia\u0142u ca\u0142ej rdzy. Kr\u00f3tkie malowanieKr\u00f3tki czas schni\u0119cia i mniejsza liczba wymaganych warstw pozwalaj\u0105 na przeprowadzenie prac malarskich w jeden dzie\u0144. Czysta pracaG\u0119sta, \u017celowa konsystencja sprawia, \u017ce farba podczas malowania&hellip; <\/p>\n<div class=\"readmore-wrapper\"><a href=\"https:\/\/ph3xm.pl\/?page_id=104\" class=\"more-link\">Read <\/a><\/div>\n","protected":false},"author":1,"featured_media":0,"parent":0,"menu_order":0,"comment_status":"closed","ping_status":"closed","template":"","meta":{"om_disable_all_campaigns":false,"_monsterinsights_skip_tracking":false,"_monsterinsights_sitenote_active":false,"_monsterinsights_sitenote_note":"","_monsterinsights_sitenote_category":0,"footnotes":""},"class_list":["post-104","page","type-page","status-publish","hentry"],"aioseo_notices":[],"_links":{"self":[{"href":"https:\/\/ph3xm.pl\/index.php?rest_route=\/wp\/v2\/pages\/104","targetHints":{"allow":["GET"]}}],"collection":[{"href":"https:\/\/ph3xm.pl\/index.php?rest_route=\/wp\/v2\/pages"}],"about":[{"href":"https:\/\/ph3xm.pl\/index.php?rest_route=\/wp\/v2\/types\/page"}],"author":[{"embeddable":true,"href":"https:\/\/ph3xm.pl\/index.php?rest_route=\/wp\/v2\/users\/1"}],"replies":[{"embeddable":true,"href":"https:\/\/ph3xm.pl\/index.php?rest_route=%2Fwp%2Fv2%2Fcomments&post=104"}],"version-history":[{"count":5,"href":"https:\/\/ph3xm.pl\/index.php?rest_route=\/wp\/v2\/pages\/104\/revisions"}],"predecessor-version":[{"id":271,"href":"https:\/\/ph3xm.pl\/index.php?rest_route=\/wp\/v2\/pages\/104\/revisions\/271"}],"wp:attachment":[{"href":"https:\/\/ph3xm.pl\/index.php?rest_route=%2Fwp%2Fv2%2Fmedia&parent=104"}],"curies":[{"name":"wp","href":"https:\/\/api.w.org\/{rel}","templated":true}]}}